{"id":3402,"date":"2021-10-27T14:53:45","date_gmt":"2021-10-27T14:53:45","guid":{"rendered":"https:\/\/antonioaurelio.ptpolitica-de-privacidade\/"},"modified":"2024-09-17T17:08:40","modified_gmt":"2024-09-17T17:08:40","slug":"politica-de-privacidad","status":"publish","type":"page","link":"https:\/\/antonioaurelio.pt\/es\/politica-de-privacidad\/","title":{"rendered":"Pol\u00edtica de Privacidad"},"content":{"rendered":"\t\t<div data-elementor-type=\"wp-page\" data-elementor-id=\"3402\" class=\"elementor elementor-3402 elementor-2578\">\n\t\t\t\t\t\t\t\t\t<section class=\"elementor-section elementor-top-section elementor-element elementor-element-27c50bd elementor-section-stretched elementor-section-boxed elementor-section-height-default elementor-section-height-default\" data-id=\"27c50bd\" data-element_type=\"section\" data-settings=\"{&quot;stretch_section&quot;:&quot;section-stretched&quot;,&quot;background_background&quot;:&quot;slideshow&quot;,&quot;background_slideshow_gallery&quot;:[{&quot;id&quot;:&quot;3895&quot;,&quot;url&quot;:&quot;https:\\\/\\\/antonioaurelio.pt\\\/wp-content\\\/uploads\\\/2024\\\/09\\\/slide-1.jpg&quot;}],&quot;background_slideshow_loop&quot;:&quot;yes&quot;,&quot;background_slideshow_slide_duration&quot;:5000,&quot;background_slideshow_slide_transition&quot;:&quot;fade&quot;,&quot;background_slideshow_transition_duration&quot;:500}\">\n\t\t\t\t\t\t\t<div class=\"elementor-background-overlay\"><\/div>\n\t\t\t\t\t\t\t<div class=\"elementor-container elementor-column-gap-default\">\n\t\t\t\t\t<div class=\"elementor-column elementor-col-100 elementor-top-column elementor-element elementor-element-2960472\" data-id=\"2960472\" data-element_type=\"column\">\n\t\t\t<div class=\"elementor-widget-wrap elementor-element-populated\">\n\t\t\t\t\t\t\t\t<div class=\"elementor-element elementor-element-fb231be elementor-widget elementor-widget-spacer\" data-id=\"fb231be\" data-element_type=\"widget\" data-widget_type=\"spacer.default\">\n\t\t\t\t<div class=\"elementor-widget-container\">\n\t\t\t<style>\/*! elementor - v3.18.0 - 20-12-2023 *\/\n.elementor-column .elementor-spacer-inner{height:var(--spacer-size)}.e-con{--container-widget-width:100%}.e-con-inner>.elementor-widget-spacer,.e-con>.elementor-widget-spacer{width:var(--container-widget-width,var(--spacer-size));--align-self:var(--container-widget-align-self,initial);--flex-shrink:0}.e-con-inner>.elementor-widget-spacer>.elementor-widget-container,.e-con>.elementor-widget-spacer>.elementor-widget-container{height:100%;width:100%}.e-con-inner>.elementor-widget-spacer>.elementor-widget-container>.elementor-spacer,.e-con>.elementor-widget-spacer>.elementor-widget-container>.elementor-spacer{height:100%}.e-con-inner>.elementor-widget-spacer>.elementor-widget-container>.elementor-spacer>.elementor-spacer-inner,.e-con>.elementor-widget-spacer>.elementor-widget-container>.elementor-spacer>.elementor-spacer-inner{height:var(--container-widget-height,var(--spacer-size))}.e-con-inner>.elementor-widget-spacer.elementor-widget-empty,.e-con>.elementor-widget-spacer.elementor-widget-empty{position:relative;min-height:22px;min-width:22px}.e-con-inner>.elementor-widget-spacer.elementor-widget-empty .elementor-widget-empty-icon,.e-con>.elementor-widget-spacer.elementor-widget-empty .elementor-widget-empty-icon{position:absolute;top:0;bottom:0;left:0;right:0;margin:auto;padding:0;width:22px;height:22px}<\/style>\t\t<div class=\"elementor-spacer\">\n\t\t\t<div class=\"elementor-spacer-inner\"><\/div>\n\t\t<\/div>\n\t\t\t\t<\/div>\n\t\t\t\t<\/div>\n\t\t\t\t<div class=\"elementor-element elementor-element-c50681f elementor-widget elementor-widget-heading\" data-id=\"c50681f\" data-element_type=\"widget\" data-widget_type=\"heading.default\">\n\t\t\t\t<div class=\"elementor-widget-container\">\n\t\t\t<style>\/*! elementor - v3.18.0 - 20-12-2023 *\/\n.elementor-heading-title{padding:0;margin:0;line-height:1}.elementor-widget-heading .elementor-heading-title[class*=elementor-size-]>a{color:inherit;font-size:inherit;line-height:inherit}.elementor-widget-heading .elementor-heading-title.elementor-size-small{font-size:15px}.elementor-widget-heading .elementor-heading-title.elementor-size-medium{font-size:19px}.elementor-widget-heading .elementor-heading-title.elementor-size-large{font-size:29px}.elementor-widget-heading .elementor-heading-title.elementor-size-xl{font-size:39px}.elementor-widget-heading .elementor-heading-title.elementor-size-xxl{font-size:59px}<\/style><h3 class=\"elementor-heading-title elementor-size-default\">Pol\u00edtica de Privacidad<\/h3>\t\t<\/div>\n\t\t\t\t<\/div>\n\t\t\t\t<div class=\"elementor-element elementor-element-4fa5e27 elementor-widget elementor-widget-spacer\" data-id=\"4fa5e27\" data-element_type=\"widget\" data-widget_type=\"spacer.default\">\n\t\t\t\t<div class=\"elementor-widget-container\">\n\t\t\t\t\t<div class=\"elementor-spacer\">\n\t\t\t<div class=\"elementor-spacer-inner\"><\/div>\n\t\t<\/div>\n\t\t\t\t<\/div>\n\t\t\t\t<\/div>\n\t\t\t\t\t<\/div>\n\t\t<\/div>\n\t\t\t\t\t\t\t<\/div>\n\t\t<\/section>\n\t\t\t\t<section class=\"elementor-section elementor-top-section elementor-element elementor-element-e002bf9 elementor-section-boxed elementor-section-height-default elementor-section-height-default\" data-id=\"e002bf9\" data-element_type=\"section\">\n\t\t\t\t\t\t<div class=\"elementor-container elementor-column-gap-default\">\n\t\t\t\t\t<div class=\"elementor-column elementor-col-100 elementor-top-column elementor-element elementor-element-1ab5d97\" data-id=\"1ab5d97\" data-element_type=\"column\">\n\t\t\t<div class=\"elementor-widget-wrap elementor-element-populated\">\n\t\t\t\t\t\t\t\t<div class=\"elementor-element elementor-element-2c82ccc elementor-widget elementor-widget-text-editor\" data-id=\"2c82ccc\" data-element_type=\"widget\" data-widget_type=\"text-editor.default\">\n\t\t\t\t<div class=\"elementor-widget-container\">\n\t\t\t<style>\/*! elementor - v3.18.0 - 20-12-2023 *\/\n.elementor-widget-text-editor.elementor-drop-cap-view-stacked .elementor-drop-cap{background-color:#69727d;color:#fff}.elementor-widget-text-editor.elementor-drop-cap-view-framed .elementor-drop-cap{color:#69727d;border:3px solid;background-color:transparent}.elementor-widget-text-editor:not(.elementor-drop-cap-view-default) .elementor-drop-cap{margin-top:8px}.elementor-widget-text-editor:not(.elementor-drop-cap-view-default) .elementor-drop-cap-letter{width:1em;height:1em}.elementor-widget-text-editor .elementor-drop-cap{float:left;text-align:center;line-height:1;font-size:50px}.elementor-widget-text-editor .elementor-drop-cap-letter{display:inline-block}<\/style>\t\t\t\t<p>La privacidad del usuario es importante para Ant\u00f3nio Aur\u00e9lio dos Santos &amp; Filhos, Lda., Al frente designada por ANTONIO AUR\u00c9LIO.<\/p><p>ANTONIO AUR\u00c9LIO se compromete a garantizar la confidencialidad y privacidad en la recogida y tratamiento de los datos de sus Clientes y Usuarios, cumpliendo con sus obligaciones en virtud del Reglamento General sobre la Protecci\u00f3n de Datos, con el fin de desarrollar la presente Pol\u00edtica de Privacidad .<\/p><p>\u00c1mbito general:<\/p><p>ANTONIO AUR\u00c9LIO es responsable de esta Pol\u00edtica de Privacidad. La presente se refiere a este sitio web, as\u00ed como a otros sitios, microsites, formularios y documentos que mencionan dicha pol\u00edtica.<\/p><p>En el marco de esta Pol\u00edtica de Privacidad, ANT\u00d3NIO AUR\u00c9LIO defini\u00f3 como:<\/p><p>el cliente: cualquier entidad que adquiere nuestros productos; y<\/p><p>el usuario: cualquier visitante de este sitio web, as\u00ed como de otros sitios y microsites que mencionen dicha pol\u00edtica y \/ o suscriptores de nuestra lista de contenidos electr\u00f3nicos (Newsletter).<\/p><p>ANTONIO AUR\u00c9LIO se reserva el derecho de actualizar o modificar su Pol\u00edtica de Privacidad en cualquier momento, en particular, para adaptarla a los cambios legislativos. El usuario es as\u00ed aconsejado para visitar esta p\u00e1gina regularmente.<\/p><p>consentimiento:<\/p><p>Al utilizar este sitio web, est\u00e1 dando su consentimiento para la recogida y el uso de la informaci\u00f3n.<\/p><p>ANTONIO AUR\u00c9LIO puede en cualquier momento modificar, a\u00f1adir o eliminar cualquiera de las pol\u00edticas de privacidad de su sitio web (https:\/\/antonioaurelio.pt) a trav\u00e9s de la actualizaci\u00f3n del contenido de esta p\u00e1gina.<\/p><p>Datos recogidos:<\/p><p>ANTONIO AUR\u00c9LIO recoge datos de sus Clientes y Usuarios, mediante la presentaci\u00f3n de formularios existentes a tal efecto, en formato digital y \/ o f\u00edsico.<\/p><p>ANTONIO AUR\u00c9LIO es la entidad responsable de la recogida y tratamiento de estos datos, decidiendo las categor\u00edas de los datos recogidos, cu\u00e1l es su tratamiento y las finalidades que dar\u00e1 a los mismos.<\/p><p>Todos los procedimientos realizados de manera automatizada y no automatizada que permitan la recogida, organizaci\u00f3n, almacenamiento, modificaci\u00f3n y transferencia de datos personales se considerar\u00e1n como \u00abtratamiento de datos personales\u00bb.<\/p><p>Utilizaci\u00f3n de los datos:<\/p><p>Los datos recogidos por ANTONIO AUR\u00c9LIO se destinan al proceso de comunicaci\u00f3n con los Clientes y Usuarios.<\/p><p>Acceso a los datos:<\/p><p>El ANTONIO AUR\u00c9LIO no desvelar a terceros los datos personales de sus clientes y usuarios, sin su consentimiento, excepto (1) cuando se trata de empresas del grupo, o (2) donde es necesario para los empleados, empleados, proveedores o los socios comerciales de ANTONIO AUR\u00c9LIO puedan suministrar un producto o servicio o realizar una funci\u00f3n en nombre de ANTONIO AUR\u00c9LIO, o (3) cuando sea requerido o permitido por la ley.<\/p><p>ANTONIO AUR\u00c9LIO adoptar\u00e1 las precauciones razonables para garantizar que sus empleados o empleados con acceso a datos personales reciban una formaci\u00f3n adecuada a su correcto procesamiento, con respeto a la presente pol\u00edtica ya las obligaciones legales de protecci\u00f3n de datos. En caso de incumplimiento, ANTONIO AUR\u00c9LIO aplicar\u00e1 sanciones disciplinarias a sus funcionarios y colaboradores.<\/p><p>Siempre que ANTONIO AURELIO divulgar los datos personales del usuario salvaguardar\u00e1 el cumplimiento de la Ley de Protecci\u00f3n de Datos Personales, en particular a trav\u00e9s de la previsi\u00f3n de disposiciones contractuales que garanticen que el tercero utiliza los datos recibidos solamente para los fines especificados, y de conformidad con los fines que se describen en esta pol\u00edtica y que utilizan medios de seguridad adecuados para proteger los datos personales del usuario contra los tratamientos ilegales o no autorizados, as\u00ed como contra su p\u00e9rdida accidental, la destrucci\u00f3n o cualquier otra acci\u00f3n da\u00f1ina.<\/p><p>Almacenamiento de datos:<\/p><p>El Antonio AUR\u00c9LIO guarda los datos de sus clientes y usuarios en sus servidores ubicados en Portugal. Estos servidores se protegen y se mantienen de acuerdo con los altos est\u00e1ndares de seguridad y se respetan las leyes de privacidad aplicables.<\/p><p>Tiempo de almacenamiento de los datos:<\/p><p>El per\u00edodo de tiempo de almacenamiento y conservaci\u00f3n de los datos personales de los Clientes y Usuarios de ANTONIO AUR\u00c9LIO var\u00eda de acuerdo con la finalidad.<\/p><p>Los datos personales de los Usuarios de nuestro sitio web y microsites ser\u00e1n conservados hasta que los mismos se mantengan activos, siendo borrados con el fin de esta utilizaci\u00f3n.<\/p><p>Los datos personales proporcionados a efectos de nuestra lista de distribuci\u00f3n de contenido por correo electr\u00f3nico se almacenar\u00e1n hasta el final de su utilizaci\u00f3n. En este caso, los clientes y usuarios pueden cancelar en cualquier momento la suscripci\u00f3n de las alertas a trav\u00e9s de la opci\u00f3n de anulaci\u00f3n prevista en los Boletines.<\/p><p>Los datos de los Clientes y otros datos espec\u00edficos a conservar para el cumplimiento de las obligaciones legales de ANTONIO AUR\u00c9LIO podr\u00e1n extenderse por un per\u00edodo m\u00e1ximo de hasta 10 a\u00f1os (de acuerdo con el art\u00edculo 130 del C\u00f3digo del Impuesto sobre la renta de las personas colectivas), finalizado el cual los mismos ser\u00e1n eliminados.<\/p><p>Seguridad de los datos:<\/p><p>ANTONIO AUR\u00c9LIO ha tomado las medidas t\u00e9cnicas y organizativas necesarias para proteger adecuadamente sus datos sobre el procesamiento y el acceso no autorizado.<\/p><p>ANTONIO AUR\u00c9LIO desarrolla todos los esfuerzos razonables adecuados para evitar el uso no autorizado o ilegal de los datos personales del usuario, as\u00ed como su p\u00e9rdida, destrucci\u00f3n o da\u00f1o. Sin embargo, ANTONIO AUR\u00c9LIO no puede proporcionar una garant\u00eda absoluta de los datos del usuario. Siempre que exista una fuga, p\u00e9rdida o violaci\u00f3n de datos personales que sea susceptible de implicar un alto riesgo para los derechos y libertades de sus Clientes y Usuarios, ANT\u00d3NIO AUR\u00c9LIO:<\/p><p>Notificar, en un plazo de 72 horas tras haber tenido conocimiento de lo ocurrido, las autoridades de control;<\/p><p>Comunicar oportunamente la situaci\u00f3n a los titulares de los datos afectados.<\/p><p>El ANTONIO AUR\u00c9LIO garantiza la seguridad de los datos personales a trav\u00e9s de los siguientes medios: (1) el uso de cifrado con el certificado en todas las comunicaciones de sitios web, (2) la contrase\u00f1a a utilizar para acceder a la p\u00e1gina web; y (3) limitaci\u00f3n del acceso a los datos personales (por ejemplo, acceso s\u00f3lo a los funcionarios o trabajadores de ANTONIO AUR\u00c9LIO que necesiten acceder a ellos para los fines anteriormente descritos).<\/p><p>Enlaces externos:<\/p><p>El sitio web, microsites y plataformas sociales de ANTONIO AUR\u00c9LIO pueden contener enlaces a otros sitios web y direcciones de correo electr\u00f3nico de empresas no pertenecientes a ANTONIO AUR\u00c9LIO.<\/p><p>La presente pol\u00edtica de privacidad no se aplica a estos sitios web y direcciones de correo electr\u00f3nico.<\/p><p>Si el usuario accede a un enlace disponible en el sitio web, microsites y plataformas sociales de ANTONIO AUR\u00c9LIO a otro sitio web y proporciona datos personales en este sitio, el procesamiento de los datos estar\u00e1 sujeto a la declaraci\u00f3n de privacidad de este sitio web.<\/p><p>cookies:<\/p><p>El sitio web de ANTONIO AURELIO utiliza cookies en ciertas \u00e1reas.<\/p><p>Las cookies son archivos que almacenan informaci\u00f3n en el disco duro o en el navegador del usuario, permitiendo que los sitios web lo reconozcan y sepan que ya los visit\u00f3 anteriormente.<\/p><p>El usuario puede configurar su navegador para rechazar las cookies, pero en ese caso, el sitio web o partes del mismo pueden no funcionar correctamente.<\/p><p>Las cookies se utilizan para supervisar y analizar el uso del sitio web, permitiendo a ANTONIO AUR\u00c9LIO identificar y servir mejor al usuario.<\/p><p>Derechos de usuario:<\/p><p>De acuerdo con la Ley de Protecci\u00f3n de Datos Personales, el usuario tiene derecho a obtener informaci\u00f3n sobre sus datos personales. Usted tiene el derecho de saber qu\u00e9 datos personales han sido procesados \u200b\u200bpor ANTONIO AUR\u00c9LIO, pudiendo tambi\u00e9n requerir a la misma para corregir, complementar, bloquear o eliminar los datos total o parcialmente en caso de resultar incompletos, incorrectos o irrelevantes a efectos de procesamiento.<\/p><p>La actualizaci\u00f3n de datos deber\u00e1 ser comunicada por el propio usuario a trav\u00e9s del formulario creado para el prop\u00f3sito oa trav\u00e9s del email general@antonioaurelio.pt<\/p><p>Si desea, en cualquier momento, dejar de formar parte de la base de datos ANTONIO AUR\u00c9LIO podr\u00e1 ejercer ese derecho, contact\u00e1ndonos a trav\u00e9s del correo electr\u00f3nico general@antonioaurelio.pt.<\/p>\t\t\t\t\t\t<\/div>\n\t\t\t\t<\/div>\n\t\t\t\t<div class=\"elementor-element elementor-element-cdb2eac elementor-widget elementor-widget-spacer\" data-id=\"cdb2eac\" data-element_type=\"widget\" data-widget_type=\"spacer.default\">\n\t\t\t\t<div class=\"elementor-widget-container\">\n\t\t\t\t\t<div class=\"elementor-spacer\">\n\t\t\t<div class=\"elementor-spacer-inner\"><\/div>\n\t\t<\/div>\n\t\t\t\t<\/div>\n\t\t\t\t<\/div>\n\t\t\t\t\t<\/div>\n\t\t<\/div>\n\t\t\t\t\t\t\t<\/div>\n\t\t<\/section>\n\t\t\t\t\t\t\t<\/div>\n\t\t","protected":false},"excerpt":{"rendered":"<p>Pol\u00edtica de Privacidad La privacidad del usuario es importante para Ant\u00f3nio Aur\u00e9lio dos Santos &amp; Filhos, Lda., Al frente designada por ANTONIO AUR\u00c9LIO. ANTONIO AUR\u00c9LIO se compromete a garantizar la&#8230;<\/p>\n","protected":false},"author":1,"featured_media":0,"parent":0,"menu_order":0,"comment_status":"closed","ping_status":"closed","template":"","meta":{"footnotes":""},"class_list":["post-3402","page","type-page","status-publish","hentry"],"_links":{"self":[{"href":"https:\/\/antonioaurelio.pt\/es\/wp-json\/wp\/v2\/pages\/3402","targetHints":{"allow":["GET"]}}],"collection":[{"href":"https:\/\/antonioaurelio.pt\/es\/wp-json\/wp\/v2\/pages"}],"about":[{"href":"https:\/\/antonioaurelio.pt\/es\/wp-json\/wp\/v2\/types\/page"}],"author":[{"embeddable":true,"href":"https:\/\/antonioaurelio.pt\/es\/wp-json\/wp\/v2\/users\/1"}],"replies":[{"embeddable":true,"href":"https:\/\/antonioaurelio.pt\/es\/wp-json\/wp\/v2\/comments?post=3402"}],"version-history":[{"count":7,"href":"https:\/\/antonioaurelio.pt\/es\/wp-json\/wp\/v2\/pages\/3402\/revisions"}],"predecessor-version":[{"id":3959,"href":"https:\/\/antonioaurelio.pt\/es\/wp-json\/wp\/v2\/pages\/3402\/revisions\/3959"}],"wp:attachment":[{"href":"https:\/\/antonioaurelio.pt\/es\/wp-json\/wp\/v2\/media?parent=3402"}],"curies":[{"name":"wp","href":"https:\/\/api.w.org\/{rel}","templated":true}]}}