{"id":3382,"date":"2021-10-27T15:02:38","date_gmt":"2021-10-27T15:02:38","guid":{"rendered":"https:\/\/antonioaurelio.ptempresa\/"},"modified":"2025-10-27T17:08:02","modified_gmt":"2025-10-27T17:08:02","slug":"negocios","status":"publish","type":"page","link":"https:\/\/antonioaurelio.pt\/es\/negocios\/","title":{"rendered":"Negocios"},"content":{"rendered":"\t\t<div data-elementor-type=\"wp-page\" data-elementor-id=\"3382\" class=\"elementor elementor-3382 elementor-2599\">\n\t\t\t\t\t\t\t\t\t<section class=\"elementor-section elementor-top-section elementor-element elementor-element-44d5a23 elementor-section-stretched elementor-section-boxed elementor-section-height-default elementor-section-height-default\" data-id=\"44d5a23\" data-element_type=\"section\" data-settings=\"{&quot;stretch_section&quot;:&quot;section-stretched&quot;,&quot;background_background&quot;:&quot;slideshow&quot;,&quot;background_slideshow_gallery&quot;:[{&quot;id&quot;:2952,&quot;url&quot;:&quot;https:\\\/\\\/antonioaurelio.pt\\\/wp-content\\\/uploads\\\/2021\\\/10\\\/frutas-antonio-aurelio-09.jpg&quot;}],&quot;background_slideshow_loop&quot;:&quot;yes&quot;,&quot;background_slideshow_slide_duration&quot;:5000,&quot;background_slideshow_slide_transition&quot;:&quot;fade&quot;,&quot;background_slideshow_transition_duration&quot;:500}\">\n\t\t\t\t\t\t\t<div class=\"elementor-background-overlay\"><\/div>\n\t\t\t\t\t\t\t<div class=\"elementor-container elementor-column-gap-default\">\n\t\t\t\t\t<div class=\"elementor-column elementor-col-100 elementor-top-column elementor-element elementor-element-883dba3\" data-id=\"883dba3\" data-element_type=\"column\">\n\t\t\t<div class=\"elementor-widget-wrap elementor-element-populated\">\n\t\t\t\t\t\t\t\t<div class=\"elementor-element elementor-element-266381d elementor-widget elementor-widget-spacer\" data-id=\"266381d\" data-element_type=\"widget\" data-widget_type=\"spacer.default\">\n\t\t\t\t<div class=\"elementor-widget-container\">\n\t\t\t<style>\/*! elementor - v3.18.0 - 20-12-2023 *\/\n.elementor-column .elementor-spacer-inner{height:var(--spacer-size)}.e-con{--container-widget-width:100%}.e-con-inner>.elementor-widget-spacer,.e-con>.elementor-widget-spacer{width:var(--container-widget-width,var(--spacer-size));--align-self:var(--container-widget-align-self,initial);--flex-shrink:0}.e-con-inner>.elementor-widget-spacer>.elementor-widget-container,.e-con>.elementor-widget-spacer>.elementor-widget-container{height:100%;width:100%}.e-con-inner>.elementor-widget-spacer>.elementor-widget-container>.elementor-spacer,.e-con>.elementor-widget-spacer>.elementor-widget-container>.elementor-spacer{height:100%}.e-con-inner>.elementor-widget-spacer>.elementor-widget-container>.elementor-spacer>.elementor-spacer-inner,.e-con>.elementor-widget-spacer>.elementor-widget-container>.elementor-spacer>.elementor-spacer-inner{height:var(--container-widget-height,var(--spacer-size))}.e-con-inner>.elementor-widget-spacer.elementor-widget-empty,.e-con>.elementor-widget-spacer.elementor-widget-empty{position:relative;min-height:22px;min-width:22px}.e-con-inner>.elementor-widget-spacer.elementor-widget-empty .elementor-widget-empty-icon,.e-con>.elementor-widget-spacer.elementor-widget-empty .elementor-widget-empty-icon{position:absolute;top:0;bottom:0;left:0;right:0;margin:auto;padding:0;width:22px;height:22px}<\/style>\t\t<div class=\"elementor-spacer\">\n\t\t\t<div class=\"elementor-spacer-inner\"><\/div>\n\t\t<\/div>\n\t\t\t\t<\/div>\n\t\t\t\t<\/div>\n\t\t\t\t<div class=\"elementor-element elementor-element-c50681f elementor-widget elementor-widget-heading\" data-id=\"c50681f\" data-element_type=\"widget\" data-widget_type=\"heading.default\">\n\t\t\t\t<div class=\"elementor-widget-container\">\n\t\t\t<style>\/*! elementor - v3.18.0 - 20-12-2023 *\/\n.elementor-heading-title{padding:0;margin:0;line-height:1}.elementor-widget-heading .elementor-heading-title[class*=elementor-size-]>a{color:inherit;font-size:inherit;line-height:inherit}.elementor-widget-heading .elementor-heading-title.elementor-size-small{font-size:15px}.elementor-widget-heading .elementor-heading-title.elementor-size-medium{font-size:19px}.elementor-widget-heading .elementor-heading-title.elementor-size-large{font-size:29px}.elementor-widget-heading .elementor-heading-title.elementor-size-xl{font-size:39px}.elementor-widget-heading .elementor-heading-title.elementor-size-xxl{font-size:59px}<\/style><h3 class=\"elementor-heading-title elementor-size-default\">Negocios<\/h3>\t\t<\/div>\n\t\t\t\t<\/div>\n\t\t\t\t<div class=\"elementor-element elementor-element-080aaaf elementor-widget elementor-widget-spacer\" data-id=\"080aaaf\" data-element_type=\"widget\" data-widget_type=\"spacer.default\">\n\t\t\t\t<div class=\"elementor-widget-container\">\n\t\t\t\t\t<div class=\"elementor-spacer\">\n\t\t\t<div class=\"elementor-spacer-inner\"><\/div>\n\t\t<\/div>\n\t\t\t\t<\/div>\n\t\t\t\t<\/div>\n\t\t\t\t\t<\/div>\n\t\t<\/div>\n\t\t\t\t\t\t\t<\/div>\n\t\t<\/section>\n\t\t\t\t<section class=\"elementor-section elementor-top-section elementor-element elementor-element-c6e0ec7 elementor-section-boxed elementor-section-height-default elementor-section-height-default\" data-id=\"c6e0ec7\" data-element_type=\"section\">\n\t\t\t\t\t\t<div class=\"elementor-container elementor-column-gap-default\">\n\t\t\t\t\t<div class=\"elementor-column elementor-col-100 elementor-top-column elementor-element elementor-element-a8c48fa\" data-id=\"a8c48fa\" data-element_type=\"column\">\n\t\t\t<div class=\"elementor-widget-wrap elementor-element-populated\">\n\t\t\t\t\t\t\t\t<div class=\"elementor-element elementor-element-fc77cd2 elementor-widget elementor-widget-spacer\" data-id=\"fc77cd2\" data-element_type=\"widget\" data-widget_type=\"spacer.default\">\n\t\t\t\t<div class=\"elementor-widget-container\">\n\t\t\t\t\t<div class=\"elementor-spacer\">\n\t\t\t<div class=\"elementor-spacer-inner\"><\/div>\n\t\t<\/div>\n\t\t\t\t<\/div>\n\t\t\t\t<\/div>\n\t\t\t\t\t<\/div>\n\t\t<\/div>\n\t\t\t\t\t\t\t<\/div>\n\t\t<\/section>\n\t\t\t\t<section class=\"elementor-section elementor-top-section elementor-element elementor-element-16a34b7 elementor-section-boxed elementor-section-height-default elementor-section-height-default\" data-id=\"16a34b7\" data-element_type=\"section\">\n\t\t\t\t\t\t<div class=\"elementor-container elementor-column-gap-default\">\n\t\t\t\t\t<div class=\"elementor-column elementor-col-50 elementor-top-column elementor-element elementor-element-c7ecd8b\" data-id=\"c7ecd8b\" data-element_type=\"column\">\n\t\t\t<div class=\"elementor-widget-wrap elementor-element-populated\">\n\t\t\t\t\t\t\t\t<div class=\"elementor-element elementor-element-c6b2356 elementor-widget elementor-widget-text-editor\" data-id=\"c6b2356\" data-element_type=\"widget\" data-widget_type=\"text-editor.default\">\n\t\t\t\t<div class=\"elementor-widget-container\">\n\t\t\t<style>\/*! elementor - v3.18.0 - 20-12-2023 *\/\n.elementor-widget-text-editor.elementor-drop-cap-view-stacked .elementor-drop-cap{background-color:#69727d;color:#fff}.elementor-widget-text-editor.elementor-drop-cap-view-framed .elementor-drop-cap{color:#69727d;border:3px solid;background-color:transparent}.elementor-widget-text-editor:not(.elementor-drop-cap-view-default) .elementor-drop-cap{margin-top:8px}.elementor-widget-text-editor:not(.elementor-drop-cap-view-default) .elementor-drop-cap-letter{width:1em;height:1em}.elementor-widget-text-editor .elementor-drop-cap{float:left;text-align:center;line-height:1;font-size:50px}.elementor-widget-text-editor .elementor-drop-cap-letter{display:inline-block}<\/style>\t\t\t\t<p>Empresa fundada en 1992 por el Sr. Antonio Aurelio, ya en la \u00e9poca un comerciante y productor experimentado de frutas. Con el paso de los a\u00f1os la empresa se fue expandiendo y creciendo seg\u00fan el volumen de negocios aumentaba, hoy en d\u00eda la empresa contin\u00faa en el seno de la misma familia que la vio ser fundada, y ya cuenta con 3 generaciones de la misma en actividad. Los desarrollos han sido inmensos, las instalaciones renovadas y ampliadas a un ritmo anual, as\u00ed como una flota de veh\u00edculos y m\u00e1quinas renovada y en crecimiento. Gracias no s\u00f3lo al empoderamiento de la gerencia que todas estas innovaciones se han hecho, pero tambi\u00e9n con ayuda de una candidatura aceptada al\u00a0<a href=\"http:\/\/www.proder.pt\/\">PRODER (Programa de Desarrollo Rural)<\/a>, con la financiaci\u00f3n y ayuda de la Uni\u00f3n Europea y del Estado Portugu\u00e9s en la ampliaci\u00f3n de \u00e1reas de producci\u00f3n y \u00e1reas de acondicionamiento y calibrado de nuestras instalaciones.<\/p><h3><strong>Antonio Aurelio Frutas: Pasi\u00f3n, Dedicaci\u00f3n, Expansi\u00f3n!<\/strong><\/h3>\t\t\t\t\t\t<\/div>\n\t\t\t\t<\/div>\n\t\t\t\t\t<\/div>\n\t\t<\/div>\n\t\t\t\t<div class=\"elementor-column elementor-col-50 elementor-top-column elementor-element elementor-element-ba4b0b6\" data-id=\"ba4b0b6\" data-element_type=\"column\">\n\t\t\t<div class=\"elementor-widget-wrap elementor-element-populated\">\n\t\t\t\t\t\t\t\t<div class=\"elementor-element elementor-element-a72176a elementor-widget elementor-widget-image\" data-id=\"a72176a\" data-element_type=\"widget\" data-widget_type=\"image.default\">\n\t\t\t\t<div class=\"elementor-widget-container\">\n\t\t\t<style>\/*! elementor - v3.18.0 - 20-12-2023 *\/\n.elementor-widget-image{text-align:center}.elementor-widget-image a{display:inline-block}.elementor-widget-image a img[src$=\".svg\"]{width:48px}.elementor-widget-image img{vertical-align:middle;display:inline-block}<\/style>\t\t\t\t\t\t\t\t\t\t\t\t<img fetchpriority=\"high\" decoding=\"async\" width=\"1230\" height=\"514\" src=\"https:\/\/antonioaurelio.pt\/wp-content\/themes\/anon1x\/assets\/images\/placeholder.png\" class=\"attachment-full size-full wp-image-2900 lazy-img\" alt=\"\" srcset=\"https:\/\/antonioaurelio.pt\/wp-content\/themes\/anon1x\/assets\/images\/placeholder.png 100w\" sizes=\"(max-width: 1230px) 100vw, 1230px\" data-src=\"https:\/\/antonioaurelio.pt\/wp-content\/uploads\/2021\/10\/empresa-antonio-aurelio-lda.jpg\" data-srcset=\"https:\/\/antonioaurelio.pt\/wp-content\/uploads\/2021\/10\/empresa-antonio-aurelio-lda.jpg 1230w, https:\/\/antonioaurelio.pt\/wp-content\/uploads\/2021\/10\/empresa-antonio-aurelio-lda-300x125.jpg 300w, https:\/\/antonioaurelio.pt\/wp-content\/uploads\/2021\/10\/empresa-antonio-aurelio-lda-1024x428.jpg 1024w, https:\/\/antonioaurelio.pt\/wp-content\/uploads\/2021\/10\/empresa-antonio-aurelio-lda-768x321.jpg 768w\" \/>\t\t\t\t\t\t\t\t\t\t\t\t\t\t\t<\/div>\n\t\t\t\t<\/div>\n\t\t\t\t<div class=\"elementor-element elementor-element-39b6d3c elementor-widget elementor-widget-image\" data-id=\"39b6d3c\" data-element_type=\"widget\" data-widget_type=\"image.default\">\n\t\t\t\t<div class=\"elementor-widget-container\">\n\t\t\t\t\t\t\t\t\t\t\t\t\t\t\t<img decoding=\"async\" width=\"497\" height=\"70\" src=\"https:\/\/antonioaurelio.pt\/wp-content\/themes\/anon1x\/assets\/images\/placeholder.png\" class=\"attachment-large size-large wp-image-2909 lazy-img\" alt=\"\" srcset=\"https:\/\/antonioaurelio.pt\/wp-content\/themes\/anon1x\/assets\/images\/placeholder.png 100w\" sizes=\"(max-width: 497px) 100vw, 497px\" data-src=\"https:\/\/antonioaurelio.pt\/wp-content\/uploads\/2021\/10\/proder-apoio.jpg\" data-srcset=\"https:\/\/antonioaurelio.pt\/wp-content\/uploads\/2021\/10\/proder-apoio.jpg 497w, https:\/\/antonioaurelio.pt\/wp-content\/uploads\/2021\/10\/proder-apoio-300x42.jpg 300w\" \/>\t\t\t\t\t\t\t\t\t\t\t\t\t\t\t<\/div>\n\t\t\t\t<\/div>\n\t\t\t\t\t<\/div>\n\t\t<\/div>\n\t\t\t\t\t\t\t<\/div>\n\t\t<\/section>\n\t\t\t\t<section class=\"elementor-section elementor-top-section elementor-element elementor-element-b260707 elementor-section-boxed elementor-section-height-default elementor-section-height-default\" data-id=\"b260707\" data-element_type=\"section\">\n\t\t\t\t\t\t<div class=\"elementor-container elementor-column-gap-default\">\n\t\t\t\t\t<div class=\"elementor-column elementor-col-100 elementor-top-column elementor-element elementor-element-420a246\" data-id=\"420a246\" data-element_type=\"column\">\n\t\t\t<div class=\"elementor-widget-wrap elementor-element-populated\">\n\t\t\t\t\t\t\t\t<div class=\"elementor-element elementor-element-c60733b elementor-widget elementor-widget-spacer\" data-id=\"c60733b\" data-element_type=\"widget\" data-widget_type=\"spacer.default\">\n\t\t\t\t<div class=\"elementor-widget-container\">\n\t\t\t\t\t<div class=\"elementor-spacer\">\n\t\t\t<div class=\"elementor-spacer-inner\"><\/div>\n\t\t<\/div>\n\t\t\t\t<\/div>\n\t\t\t\t<\/div>\n\t\t\t\t\t<\/div>\n\t\t<\/div>\n\t\t\t\t\t\t\t<\/div>\n\t\t<\/section>\n\t\t\t\t\t\t\t<\/div>\n\t\t","protected":false},"excerpt":{"rendered":"<p>Negocios Empresa fundada en 1992 por el Sr. Antonio Aurelio, ya en la \u00e9poca un comerciante y productor experimentado de frutas. Con el paso de los a\u00f1os la empresa se&#8230;<\/p>\n","protected":false},"author":1,"featured_media":0,"parent":0,"menu_order":0,"comment_status":"closed","ping_status":"closed","template":"","meta":{"footnotes":""},"class_list":["post-3382","page","type-page","status-publish","hentry"],"_links":{"self":[{"href":"https:\/\/antonioaurelio.pt\/es\/wp-json\/wp\/v2\/pages\/3382","targetHints":{"allow":["GET"]}}],"collection":[{"href":"https:\/\/antonioaurelio.pt\/es\/wp-json\/wp\/v2\/pages"}],"about":[{"href":"https:\/\/antonioaurelio.pt\/es\/wp-json\/wp\/v2\/types\/page"}],"author":[{"embeddable":true,"href":"https:\/\/antonioaurelio.pt\/es\/wp-json\/wp\/v2\/users\/1"}],"replies":[{"embeddable":true,"href":"https:\/\/antonioaurelio.pt\/es\/wp-json\/wp\/v2\/comments?post=3382"}],"version-history":[{"count":17,"href":"https:\/\/antonioaurelio.pt\/es\/wp-json\/wp\/v2\/pages\/3382\/revisions"}],"predecessor-version":[{"id":4112,"href":"https:\/\/antonioaurelio.pt\/es\/wp-json\/wp\/v2\/pages\/3382\/revisions\/4112"}],"wp:attachment":[{"href":"https:\/\/antonioaurelio.pt\/es\/wp-json\/wp\/v2\/media?parent=3382"}],"curies":[{"name":"wp","href":"https:\/\/api.w.org\/{rel}","templated":true}]}}